{"id":47,"date":"2022-11-16T10:41:37","date_gmt":"2022-11-16T09:41:37","guid":{"rendered":"https:\/\/adim.web.amu.edu.pl\/?page_id=47"},"modified":"2022-11-17T13:16:20","modified_gmt":"2022-11-17T12:16:20","slug":"home-2","status":"publish","type":"page","link":"https:\/\/adim.web.amu.edu.pl\/pl_pl\/home-2\/","title":{"rendered":""},"content":{"rendered":"<p class=\"has-text-align-center\"><img decoding=\"async\" width=\"60\" height=\"59\" class=\"wp-image-67\" style=\"width: 60px;\" src=\"https:\/\/adim.web.amu.edu.pl\/wp-content\/uploads\/2022\/11\/motivation-graphic.png\" alt=\"\"> <\/p>\n\n\n\n<p class=\"has-text-align-center has-normal-font-size\"><strong>Motywacja<\/strong><\/p>\n\n\n\n<p class=\"has-tiny-font-size\">Ze wzgl\u0119du na zglobalizowan\u0105 rzeczywisto\u015b\u0107, w kt\u00f3rej wszyscy \u017cyjemy, coraz wi\u0119cej os\u00f3b znajduje si\u0119 w sytuacji, w kt\u00f3rej (musi) naby\u0107 kilka j\u0119zyk\u00f3w w ci\u0105gu ca\u0142ego \u017cycia. Zjawisko to \u2013 znane jako wieloj\u0119zyczno\u015b\u0107 \u2013 od lat jest norm\u0105 w wielu cz\u0119\u015bciach \u015bwiata, ale obecnie staje si\u0119 jeszcze bardziej wszechobecne. I cho\u0107 wieloj\u0119zyczno\u015b\u0107 otwiera liczne mo\u017cliwo\u015bci zar\u00f3wno dla poszczeg\u00f3lnych os\u00f3b, jak i spo\u0142eczno\u015bci, to og\u00f3lna z\u0142o\u017cono\u015b\u0107 struktury j\u0119zykowej sprawia, \u017ce stanowi ona spore wyzwanie, nie tylko dla dzieci, ale r\u00f3wnie\u017c dla doros\u0142ych. Wiele kwestii zwi\u0105zanych z interakcj\u0105 trzech (lub wi\u0119cej) j\u0119zyk\u00f3w u tego samego m\u00f3wcy jest s\u0142abo poznanych, w tym jak na nowe j\u0119zyki wp\u0142ywaj\u0105 wcze\u015bniej nabyte j\u0119zyki, ale tak\u017ce jak na wcze\u015bniej nabyte j\u0119zyki mo\u017ce wp\u0142ywa\u0107 nabywanie kolejnych. Chocia\u017c badania naukowe nad wieloj\u0119zyczn\u0105 akwizycj\u0105 j\u0119zykow\u0105 s\u0105 dynamiczne, a ich liczba stale ro\u015bnie, to zazwyczaj skupiaj\u0105 si\u0119 wy\u0142\u0105cznie na jednej domenie j\u0119zykowej w wybranym \u015brodowisku akwizycyjnym. Brakuje szerszego obrazu wieloj\u0119zycznej akwizycji, przetwarzania i u\u017cywania j\u0119zyka. Szczeg\u00f3lnie zjawisko wp\u0142ywu mi\u0119dzyj\u0119zykowego (Cross-linguistic Influence, CLI) badane w r\u00f3\u017cnych domenach wieloj\u0119zycznej akwizycji nadal pozostaje w du\u017cej mierze niezbadane.<\/p>\n\n\n\n<div style=\"height:30px\" aria-hidden=\"true\" class=\"wp-block-spacer\"><\/div>\n\n\n\n<p class=\"has-text-align-center\"><img decoding=\"async\" width=\"59\" height=\"58\" class=\"wp-image-71\" style=\"width: 59px;\" src=\"https:\/\/adim.web.amu.edu.pl\/wp-content\/uploads\/2022\/11\/our-mission.png\" alt=\"\"><\/p>\n\n\n\n<p class=\"has-text-align-center has-normal-font-size\"><strong>Nasza misja<\/strong><\/p>\n\n\n\n<p class=\"has-tiny-font-size\">Mamy nadziej\u0119, \u017ce projekt ADIM dostarczy bezcennej wiedzy dla dziedzin lingwistyki i psychologii poznawczej, a w szczeg\u00f3lno\u015bci akwizycji j\u0119zyka i wieloj\u0119zyczno\u015bci. Solidna wiedza oparta na badaniach w tej dziedzinie jest r\u00f3wnie\u017c wa\u017cna dla decydent\u00f3w, pedagog\u00f3w, rodzic\u00f3w dzieci wieloj\u0119zycznych i wielu innych os\u00f3b. Projekt przyczyni si\u0119 do lepszego zrozumienia mowy wieloj\u0119zycznej, jej akwizycji i przetwarzania, ale tak\u017ce udokumentuje wzorce mowy polsko-norweskich spo\u0142eczno\u015bci wieloj\u0119zycznych o r\u00f3\u017cnych konfiguracjach etapu i sposobu akwizycji j\u0119zyka (naturalistyczny vs. formalny).<\/p>\n\n\n\n<div style=\"height:30px\" aria-hidden=\"true\" class=\"wp-block-spacer\"><\/div>\n\n\n\n<p class=\"has-text-align-center\"><img decoding=\"async\" width=\"60\" height=\"59\" class=\"wp-image-76\" style=\"width: 60px;\" src=\"https:\/\/adim.web.amu.edu.pl\/wp-content\/uploads\/2022\/11\/aims-graphic.png\" alt=\"\"><\/p>\n\n\n\n<p class=\"has-text-align-center has-normal-font-size\"><strong>Cele<\/strong><\/p>\n\n\n\n<div class=\"wp-block-group is-vertical is-content-justification-left is-layout-flex wp-container-core-group-is-layout-3 wp-block-group-is-layout-flex\">\n<div class=\"wp-block-group is-layout-constrained wp-block-group-is-layout-constrained\">\n<div class=\"wp-block-group is-layout-constrained wp-container-core-group-is-layout-1 wp-block-group-is-layout-constrained\" style=\"padding-top:0;padding-right:0;padding-bottom:0;padding-left:0\">\n<p class=\"has-tiny-font-size\">1. Zbadanie wp\u0142ywu cross-lingwistycznego (CLI) w nabywaniu, przetwarzaniu i u\u017cywaniu trzeciego j\u0119zyka w r\u00f3\u017cnych domenach j\u0119zykowych.<\/p>\n\n\n\n<p class=\"has-tiny-font-size\">2. Dog\u0142\u0119bne zbadanie roli r\u00f3\u017cnych sposob\u00f3w i etap\u00f3w akwizycji z perspektywy wieloj\u0119zycznej.<\/p>\n\n\n\n<p class=\"has-tiny-font-size\">3. Wgl\u0105d w wieloj\u0119zyczne przetwarzanie poprzez zastosowanie metod on-line obrazowania m\u00f3zgu (EEG) i eyetrackingu.<\/p>\n\n\n\n<p class=\"has-tiny-font-size\">4. Utrwalenie miar wieloj\u0119zycznej bieg\u0142o\u015bci j\u0119zykowej i u\u017cycia j\u0119zyka.<\/p>\n\n\n\n<p class=\"has-tiny-font-size\">5. Dalszy rozw\u00f3j ram teoretycznych dla L3, kt\u00f3re modeluj\u0105 proces nabywania, przetwarzania i u\u017cywania j\u0119zyka obcego.<\/p>\n<\/div>\n<\/div>\n<\/div>","protected":false},"excerpt":{"rendered":"<p>Motivation Due to the globalized reality that we all live in, an increasing number of people find themselves in a [&hellip;]<\/p>","protected":false},"author":1,"featured_media":0,"parent":0,"menu_order":0,"comment_status":"closed","ping_status":"closed","template":"","meta":{"_monsterinsights_skip_tracking":false,"_monsterinsights_sitenote_active":false,"_monsterinsights_sitenote_note":"","_monsterinsights_sitenote_category":0,"footnotes":""},"class_list":["post-47","page","type-page","status-publish","hentry"],"yoast_head":"<!-- This site is optimized with the Yoast SEO plugin v23.8 - https:\/\/yoast.com\/wordpress\/plugins\/seo\/ -->\n<title>- ADIM<\/title>\n<meta name=\"robots\" content=\"index, follow, max-snippet:-1, max-image-preview:large, max-video-preview:-1\" \/>\n<link rel=\"canonical\" href=\"https:\/\/adim.web.amu.edu.pl\/pl_pl\/home-2\/\" \/>\n<meta property=\"og:locale\" content=\"pl_PL\" \/>\n<meta property=\"og:type\" content=\"article\" \/>\n<meta property=\"og:title\" content=\"- ADIM\" \/>\n<meta property=\"og:description\" content=\"Motivation Due to the globalized reality that we all live in, an increasing number of people find themselves in a [&hellip;]\" \/>\n<meta property=\"og:url\" content=\"https:\/\/adim.web.amu.edu.pl\/pl_pl\/home-2\/\" \/>\n<meta property=\"og:site_name\" content=\"ADIM\" \/>\n<meta property=\"article:publisher\" content=\"https:\/\/www.facebook.com\/people\/The-ADIM-Project-Insights-on-Multilingual-Minds\/100089017856711\/\" \/>\n<meta property=\"article:modified_time\" content=\"2022-11-17T12:16:20+00:00\" \/>\n<meta property=\"og:image\" content=\"https:\/\/adim.web.amu.edu.pl\/wp-content\/uploads\/2022\/11\/motivation-graphic.png\" \/>\n<meta name=\"twitter:card\" content=\"summary_large_image\" \/>\n<meta name=\"twitter:site\" content=\"@ADIMLinguists\" \/>\n<meta name=\"twitter:label1\" content=\"Szacowany czas czytania\" \/>\n\t<meta name=\"twitter:data1\" content=\"2 minuty\" \/>\n<script type=\"application\/ld+json\" class=\"yoast-schema-graph\">{\"@context\":\"https:\/\/schema.org\",\"@graph\":[{\"@type\":\"WebPage\",\"@id\":\"https:\/\/adim.web.amu.edu.pl\/pl_pl\/home-2\/\",\"url\":\"https:\/\/adim.web.amu.edu.pl\/pl_pl\/home-2\/\",\"name\":\"- ADIM\",\"isPartOf\":{\"@id\":\"https:\/\/adim.web.amu.edu.pl\/pl_pl\/#website\"},\"primaryImageOfPage\":{\"@id\":\"https:\/\/adim.web.amu.edu.pl\/pl_pl\/home-2\/#primaryimage\"},\"image\":{\"@id\":\"https:\/\/adim.web.amu.edu.pl\/pl_pl\/home-2\/#primaryimage\"},\"thumbnailUrl\":\"https:\/\/adim.web.amu.edu.pl\/wp-content\/uploads\/2022\/11\/motivation-graphic.png\",\"datePublished\":\"2022-11-16T09:41:37+00:00\",\"dateModified\":\"2022-11-17T12:16:20+00:00\",\"inLanguage\":\"pl-PL\",\"potentialAction\":[{\"@type\":\"ReadAction\",\"target\":[\"https:\/\/adim.web.amu.edu.pl\/pl_pl\/home-2\/\"]}]},{\"@type\":\"ImageObject\",\"inLanguage\":\"pl-PL\",\"@id\":\"https:\/\/adim.web.amu.edu.pl\/pl_pl\/home-2\/#primaryimage\",\"url\":\"https:\/\/adim.web.amu.edu.pl\/wp-content\/uploads\/2022\/11\/motivation-graphic.png\",\"contentUrl\":\"https:\/\/adim.web.amu.edu.pl\/wp-content\/uploads\/2022\/11\/motivation-graphic.png\"},{\"@type\":\"WebSite\",\"@id\":\"https:\/\/adim.web.amu.edu.pl\/pl_pl\/#website\",\"url\":\"https:\/\/adim.web.amu.edu.pl\/pl_pl\/\",\"name\":\"ADIM (Across-domain Investigations in Multilingualism)\",\"description\":\"Find out how our team is working on understanding language acquisition in multilinguals!\",\"publisher\":{\"@id\":\"https:\/\/adim.web.amu.edu.pl\/pl_pl\/#organization\"},\"potentialAction\":[{\"@type\":\"SearchAction\",\"target\":{\"@type\":\"EntryPoint\",\"urlTemplate\":\"https:\/\/adim.web.amu.edu.pl\/pl_pl\/?s={search_term_string}\"},\"query-input\":{\"@type\":\"PropertyValueSpecification\",\"valueRequired\":true,\"valueName\":\"search_term_string\"}}],\"inLanguage\":\"pl-PL\"},{\"@type\":\"Organization\",\"@id\":\"https:\/\/adim.web.amu.edu.pl\/pl_pl\/#organization\",\"name\":\"ADIM (Across-domain Investigations in Multilingualism)\",\"url\":\"https:\/\/adim.web.amu.edu.pl\/pl_pl\/\",\"logo\":{\"@type\":\"ImageObject\",\"inLanguage\":\"pl-PL\",\"@id\":\"https:\/\/adim.web.amu.edu.pl\/pl_pl\/#\/schema\/logo\/image\/\",\"url\":\"https:\/\/adim.web.amu.edu.pl\/wp-content\/uploads\/2022\/11\/logo-with-name.png\",\"contentUrl\":\"https:\/\/adim.web.amu.edu.pl\/wp-content\/uploads\/2022\/11\/logo-with-name.png\",\"width\":458,\"height\":476,\"caption\":\"ADIM (Across-domain Investigations in Multilingualism)\"},\"image\":{\"@id\":\"https:\/\/adim.web.amu.edu.pl\/pl_pl\/#\/schema\/logo\/image\/\"},\"sameAs\":[\"https:\/\/www.facebook.com\/people\/The-ADIM-Project-Insights-on-Multilingual-Minds\/100089017856711\/\",\"https:\/\/x.com\/ADIMLinguists\"]}]}<\/script>\n<!-- \/ Yoast SEO plugin. -->","yoast_head_json":{"title":"- ADIM","robots":{"index":"index","follow":"follow","max-snippet":"max-snippet:-1","max-image-preview":"max-image-preview:large","max-video-preview":"max-video-preview:-1"},"canonical":"https:\/\/adim.web.amu.edu.pl\/pl_pl\/home-2\/","og_locale":"pl_PL","og_type":"article","og_title":"- ADIM","og_description":"Motivation Due to the globalized reality that we all live in, an increasing number of people find themselves in a [&hellip;]","og_url":"https:\/\/adim.web.amu.edu.pl\/pl_pl\/home-2\/","og_site_name":"ADIM","article_publisher":"https:\/\/www.facebook.com\/people\/The-ADIM-Project-Insights-on-Multilingual-Minds\/100089017856711\/","article_modified_time":"2022-11-17T12:16:20+00:00","og_image":[{"url":"https:\/\/adim.web.amu.edu.pl\/wp-content\/uploads\/2022\/11\/motivation-graphic.png"}],"twitter_card":"summary_large_image","twitter_site":"@ADIMLinguists","twitter_misc":{"Szacowany czas czytania":"2 minuty"},"schema":{"@context":"https:\/\/schema.org","@graph":[{"@type":"WebPage","@id":"https:\/\/adim.web.amu.edu.pl\/pl_pl\/home-2\/","url":"https:\/\/adim.web.amu.edu.pl\/pl_pl\/home-2\/","name":"- ADIM","isPartOf":{"@id":"https:\/\/adim.web.amu.edu.pl\/pl_pl\/#website"},"primaryImageOfPage":{"@id":"https:\/\/adim.web.amu.edu.pl\/pl_pl\/home-2\/#primaryimage"},"image":{"@id":"https:\/\/adim.web.amu.edu.pl\/pl_pl\/home-2\/#primaryimage"},"thumbnailUrl":"https:\/\/adim.web.amu.edu.pl\/wp-content\/uploads\/2022\/11\/motivation-graphic.png","datePublished":"2022-11-16T09:41:37+00:00","dateModified":"2022-11-17T12:16:20+00:00","inLanguage":"pl-PL","potentialAction":[{"@type":"ReadAction","target":["https:\/\/adim.web.amu.edu.pl\/pl_pl\/home-2\/"]}]},{"@type":"ImageObject","inLanguage":"pl-PL","@id":"https:\/\/adim.web.amu.edu.pl\/pl_pl\/home-2\/#primaryimage","url":"https:\/\/adim.web.amu.edu.pl\/wp-content\/uploads\/2022\/11\/motivation-graphic.png","contentUrl":"https:\/\/adim.web.amu.edu.pl\/wp-content\/uploads\/2022\/11\/motivation-graphic.png"},{"@type":"WebSite","@id":"https:\/\/adim.web.amu.edu.pl\/pl_pl\/#website","url":"https:\/\/adim.web.amu.edu.pl\/pl_pl\/","name":"ADIM (Across-domain Investigations in Multilingualism)","description":"Find out how our team is working on understanding language acquisition in multilinguals!","publisher":{"@id":"https:\/\/adim.web.amu.edu.pl\/pl_pl\/#organization"},"potentialAction":[{"@type":"SearchAction","target":{"@type":"EntryPoint","urlTemplate":"https:\/\/adim.web.amu.edu.pl\/pl_pl\/?s={search_term_string}"},"query-input":{"@type":"PropertyValueSpecification","valueRequired":true,"valueName":"search_term_string"}}],"inLanguage":"pl-PL"},{"@type":"Organization","@id":"https:\/\/adim.web.amu.edu.pl\/pl_pl\/#organization","name":"ADIM (Across-domain Investigations in Multilingualism)","url":"https:\/\/adim.web.amu.edu.pl\/pl_pl\/","logo":{"@type":"ImageObject","inLanguage":"pl-PL","@id":"https:\/\/adim.web.amu.edu.pl\/pl_pl\/#\/schema\/logo\/image\/","url":"https:\/\/adim.web.amu.edu.pl\/wp-content\/uploads\/2022\/11\/logo-with-name.png","contentUrl":"https:\/\/adim.web.amu.edu.pl\/wp-content\/uploads\/2022\/11\/logo-with-name.png","width":458,"height":476,"caption":"ADIM (Across-domain Investigations in Multilingualism)"},"image":{"@id":"https:\/\/adim.web.amu.edu.pl\/pl_pl\/#\/schema\/logo\/image\/"},"sameAs":["https:\/\/www.facebook.com\/people\/The-ADIM-Project-Insights-on-Multilingual-Minds\/100089017856711\/","https:\/\/x.com\/ADIMLinguists"]}]}},"_links":{"self":[{"href":"https:\/\/adim.web.amu.edu.pl\/pl_pl\/wp-json\/wp\/v2\/pages\/47"}],"collection":[{"href":"https:\/\/adim.web.amu.edu.pl\/pl_pl\/wp-json\/wp\/v2\/pages"}],"about":[{"href":"https:\/\/adim.web.amu.edu.pl\/pl_pl\/wp-json\/wp\/v2\/types\/page"}],"author":[{"embeddable":true,"href":"https:\/\/adim.web.amu.edu.pl\/pl_pl\/wp-json\/wp\/v2\/users\/1"}],"replies":[{"embeddable":true,"href":"https:\/\/adim.web.amu.edu.pl\/pl_pl\/wp-json\/wp\/v2\/comments?post=47"}],"version-history":[{"count":15,"href":"https:\/\/adim.web.amu.edu.pl\/pl_pl\/wp-json\/wp\/v2\/pages\/47\/revisions"}],"predecessor-version":[{"id":273,"href":"https:\/\/adim.web.amu.edu.pl\/pl_pl\/wp-json\/wp\/v2\/pages\/47\/revisions\/273"}],"wp:attachment":[{"href":"https:\/\/adim.web.amu.edu.pl\/pl_pl\/wp-json\/wp\/v2\/media?parent=47"}],"curies":[{"name":"wp","href":"https:\/\/api.w.org\/{rel}","templated":true}]}}